{"id":29,"date":"2011-07-26T22:09:29","date_gmt":"2011-07-26T22:09:29","guid":{"rendered":"http:\/\/www.my-webserver.net\/wordpress\/?page_id=29"},"modified":"2019-12-15T20:58:36","modified_gmt":"2019-12-15T20:58:36","slug":"impressum","status":"publish","type":"page","link":"https:\/\/sw-neukoelln.de\/?page_id=29","title":{"rendered":"Impressum"},"content":{"rendered":"<p><strong>Schachverein Schwarz-Wei\u00df Neuk\u00f6lln e. V.<\/strong><\/p>\n<p><strong>Anschrift:<\/strong><br \/>\nSchwarz-Wei\u00df Neuk\u00f6lln<br \/>\nc\/o Marco Ziener<br \/>\nW\u00f6hlertstrasse 14<br \/>\n10115 Berlin<\/p>\n<p><strong>Mail: <\/strong><img decoding=\"async\" src=\"https:\/\/sw-neukoelln.de\/wp-content\/plugins\/email-protect\/image.php?id=a29udGFrdEBzdy1uZXVrb2VsbG4uZGU=&font=7&bg=000000&ft=ffffff&bd=000000\" \/><strong><br \/>\n<\/strong><\/p>\n<p><strong>Gesch\u00e4ftsf\u00fchrender Vorstand:<\/strong><br \/>\nMarco Ziener (1. Vorsitzender)<br \/>\nKlaus Meseck (2. Vorsitzender)<br \/>\nPercy Klein (Schatzmeister)<\/p>\n<p><strong>Telefon:<\/strong> 0151 65133730 (1. Vorsitzender)<\/p>\n<p><strong>Web-Redaktion:<\/strong> Frank M\u00fcller, Marco Ziener, Manfred Demnitz<\/p>\n<p><strong>Webmaster<\/strong>: Marco Ziener<\/p>\n<p><strong>Fotos:<\/strong> Vereinsmitglieder<\/p>\n<p><strong>Bildnachweis:<\/strong> Verein, soweit nicht anders gekennzeichnet<\/p>\n<p><strong>Haftung \/ Links<\/strong><\/p>\n<p>Alle Inhalte wurden sorgf\u00e4ltig gepr\u00fcft. Jedoch kann keine Garantie f\u00fcr Richtigkeit, Vollst\u00e4ndigkeit und Aktualit\u00e4t der Angaben \u00fcbernommen werden.<\/p>\n<p>Links auf diese Website sind erw\u00fcnscht, sofern sie als externe Links gef\u00fchrt werden. Trotz sorgf\u00e4ltiger inhaltlicher Kontrolle \u00fcbernehme ich keine Haftung f\u00fcr die Inhalte externer Links. F\u00fcr den Inhalt der verlinkten Seiten sind ausschlie\u00dflich deren Betreiber verantwortlich.<\/p>\n<p>Zust\u00e4ndig ist das Amtgericht Charlottenburg unter dem Vereinsregistereintrag VR3983B<\/p>\n","protected":false},"excerpt":{"rendered":"<p>Schachverein Schwarz-Wei\u00df Neuk\u00f6lln e. V. Anschrift: Schwarz-Wei\u00df Neuk\u00f6lln c\/o Marco Ziener W\u00f6hlertstrasse 14 10115 Berlin Mail: Gesch\u00e4ftsf\u00fchrender Vorstand: Marco Ziener (1. Vorsitzender) Klaus Meseck (2. Vorsitzender) Percy Klein (Schatzmeister) Telefon: 0151 65133730 (1. Vorsitzender) Web-Redaktion: Frank M\u00fcller, Marco Ziener, Manfred Demnitz Webmaster: Marco Ziener Fotos: Vereinsmitglieder Bildnachweis: Verein, soweit nicht anders gekennzeichnet Haftung \/ Links &hellip; <a href=\"https:\/\/sw-neukoelln.de\/?page_id=29\" class=\"more-link\"><span class=\"screen-reader-text\">\u201eImpressum\u201c <\/span>weiterlesen<\/a><\/p>\n","protected":false},"author":3,"featured_media":0,"parent":0,"menu_order":10,"comment_status":"closed","ping_status":"closed","template":"","meta":{"footnotes":""},"class_list":["post-29","page","type-page","status-publish","hentry"],"_links":{"self":[{"href":"https:\/\/sw-neukoelln.de\/index.php?rest_route=\/wp\/v2\/pages\/29","targetHints":{"allow":["GET"]}}],"collection":[{"href":"https:\/\/sw-neukoelln.de\/index.php?rest_route=\/wp\/v2\/pages"}],"about":[{"href":"https:\/\/sw-neukoelln.de\/index.php?rest_route=\/wp\/v2\/types\/page"}],"author":[{"embeddable":true,"href":"https:\/\/sw-neukoelln.de\/index.php?rest_route=\/wp\/v2\/users\/3"}],"replies":[{"embeddable":true,"href":"https:\/\/sw-neukoelln.de\/index.php?rest_route=%2Fwp%2Fv2%2Fcomments&post=29"}],"version-history":[{"count":6,"href":"https:\/\/sw-neukoelln.de\/index.php?rest_route=\/wp\/v2\/pages\/29\/revisions"}],"predecessor-version":[{"id":2001,"href":"https:\/\/sw-neukoelln.de\/index.php?rest_route=\/wp\/v2\/pages\/29\/revisions\/2001"}],"wp:attachment":[{"href":"https:\/\/sw-neukoelln.de\/index.php?rest_route=%2Fwp%2Fv2%2Fmedia&parent=29"}],"curies":[{"name":"wp","href":"https:\/\/api.w.org\/{rel}","templated":true}]}}